{"id":186,"date":"2021-05-09T17:40:20","date_gmt":"2021-05-09T17:40:20","guid":{"rendered":"http:\/\/puntaenlinea.practicasdeperiodismo.com\/?page_id=186"},"modified":"2021-07-11T12:17:56","modified_gmt":"2021-07-11T12:17:56","slug":"que-es-el-sable","status":"publish","type":"page","link":"http:\/\/puntaenlinea.practicasdeperiodismo.com\/index.php\/que-es-el-sable\/","title":{"rendered":"\u00bfQu\u00e9 es el sable?"},"content":{"rendered":"\t\t<div data-elementor-type=\"wp-page\" data-elementor-id=\"186\" class=\"elementor elementor-186\">\n\t\t\t\t\t\t<section class=\"elementor-section elementor-top-section elementor-element elementor-element-57d35fa elementor-section-full_width elementor-section-stretched elementor-section-height-min-height elementor-section-height-default elementor-section-items-middle\" data-id=\"57d35fa\" data-element_type=\"section\" data-settings=\"{&quot;background_background&quot;:&quot;classic&quot;,&quot;shape_divider_bottom&quot;:&quot;arrow&quot;,&quot;stretch_section&quot;:&quot;section-stretched&quot;}\">\n\t\t\t\t\t<div class=\"elementor-shape elementor-shape-bottom\" aria-hidden=\"true\" data-negative=\"false\">\n\t\t\t<svg xmlns=\"http:\/\/www.w3.org\/2000\/svg\" viewBox=\"0 0 700 10\" preserveAspectRatio=\"none\">\n\t<path class=\"elementor-shape-fill\" d=\"M350,10L340,0h20L350,10z\"\/>\n<\/svg>\t\t<\/div>\n\t\t\t\t\t<div class=\"elementor-container elementor-column-gap-default\">\n\t\t\t\t\t<div class=\"elementor-column elementor-col-100 elementor-top-column elementor-element elementor-element-7b0b7a6\" data-id=\"7b0b7a6\" data-element_type=\"column\">\n\t\t\t<div class=\"elementor-widget-wrap elementor-element-populated\">\n\t\t\t\t\t\t<div class=\"elementor-element elementor-element-41addad animated-slow elementor-invisible elementor-widget elementor-widget-heading\" data-id=\"41addad\" data-element_type=\"widget\" data-settings=\"{&quot;_animation&quot;:&quot;fadeIn&quot;}\" data-widget_type=\"heading.default\">\n\t\t\t\t<div class=\"elementor-widget-container\">\n\t\t\t\t\t<h2 class=\"elementor-heading-title elementor-size-default\">\u00bfQu\u00e9 es el sable?<\/h2>\t\t\t\t<\/div>\n\t\t\t\t<\/div>\n\t\t\t\t<div class=\"elementor-element elementor-element-b3d4d71 elementor-invisible elementor-widget elementor-widget-heading\" data-id=\"b3d4d71\" data-element_type=\"widget\" data-settings=\"{&quot;_animation&quot;:&quot;fadeIn&quot;,&quot;_animation_delay&quot;:1100}\" data-widget_type=\"heading.default\">\n\t\t\t\t<div class=\"elementor-widget-container\">\n\t\t\t\t\t<h3 class=\"elementor-heading-title elementor-size-default\">Una infograf\u00eda para entender el arma<\/h3>\t\t\t\t<\/div>\n\t\t\t\t<\/div>\n\t\t\t\t\t<\/div>\n\t\t<\/div>\n\t\t\t\t\t<\/div>\n\t\t<\/section>\n\t\t\t\t<section class=\"elementor-section elementor-top-section elementor-element elementor-element-eaa1211 elementor-section-boxed elementor-section-height-default elementor-section-height-default\" data-id=\"eaa1211\" data-element_type=\"section\">\n\t\t\t\t\t\t<div class=\"elementor-container elementor-column-gap-default\">\n\t\t\t\t\t<div class=\"elementor-column elementor-col-100 elementor-top-column elementor-element elementor-element-b9083b3\" data-id=\"b9083b3\" data-element_type=\"column\">\n\t\t\t<div class=\"elementor-widget-wrap elementor-element-populated\">\n\t\t\t\t\t\t<div class=\"elementor-element elementor-element-d2b8290 elementor-widget elementor-widget-html\" data-id=\"d2b8290\" data-element_type=\"widget\" data-widget_type=\"html.default\">\n\t\t\t\t<div class=\"elementor-widget-container\">\n\t\t\t\t\t<div style=\"width: 100%;\"><div style=\"position: relative; padding-bottom: 500.00%; padding-top: 0; height: 0;\"><iframe frameborder=\"0\" width=\"1500\" height=\"7500\" style=\"position: absolute; top: 0; left: 0; width: 100%; height: 100%;\" src=\"https:\/\/view.genial.ly\/609817eec9b3ff0d04036ed4\" type=\"text\/html\" allowscriptaccess=\"always\" allowfullscreen=\"true\" scrolling=\"yes\" allownetworking=\"all\"><\/iframe> <\/div> <\/div>\t\t\t\t<\/div>\n\t\t\t\t<\/div>\n\t\t\t\t\t<\/div>\n\t\t<\/div>\n\t\t\t\t\t<\/div>\n\t\t<\/section>\n\t\t\t\t<section class=\"elementor-section elementor-top-section elementor-element elementor-element-2675e7f elementor-section-boxed elementor-section-height-default elementor-section-height-default\" data-id=\"2675e7f\" data-element_type=\"section\">\n\t\t\t\t\t\t<div class=\"elementor-container elementor-column-gap-default\">\n\t\t\t\t\t<div class=\"elementor-column elementor-col-100 elementor-top-column elementor-element elementor-element-24a1cda\" data-id=\"24a1cda\" data-element_type=\"column\">\n\t\t\t<div class=\"elementor-widget-wrap elementor-element-populated\">\n\t\t\t\t\t\t<div class=\"elementor-element elementor-element-2b73ba5 elementor-widget elementor-widget-text-editor\" data-id=\"2b73ba5\" data-element_type=\"widget\" data-widget_type=\"text-editor.default\">\n\t\t\t\t<div class=\"elementor-widget-container\">\n\t\t\t\t\t\t\t\t\t<p><strong>Elaboraci\u00f3n:<\/strong> Maribel Matey \/\/ <strong>Fuentes documentales:<\/strong> <em>Reglamento T\u00e9cnico y de Material de la Federaci\u00f3n Internacional de Esgrima, &#8220;The Development of Sabre&#8221; (Malcolm Fare)<\/em><\/p>\t\t\t\t\t\t\t\t<\/div>\n\t\t\t\t<\/div>\n\t\t\t\t\t<\/div>\n\t\t<\/div>\n\t\t\t\t\t<\/div>\n\t\t<\/section>\n\t\t\t\t<section class=\"elementor-section elementor-top-section elementor-element elementor-element-3bf699c elementor-section-boxed elementor-section-height-default elementor-section-height-default\" data-id=\"3bf699c\" data-element_type=\"section\">\n\t\t\t\t\t\t<div class=\"elementor-container elementor-column-gap-default\">\n\t\t\t\t\t<div class=\"elementor-column elementor-col-50 elementor-top-column elementor-element elementor-element-d7535e3\" data-id=\"d7535e3\" data-element_type=\"column\">\n\t\t\t<div class=\"elementor-widget-wrap\">\n\t\t\t\t\t\t\t<\/div>\n\t\t<\/div>\n\t\t\t\t<div class=\"elementor-column elementor-col-50 elementor-top-column elementor-element elementor-element-6c0cc49\" data-id=\"6c0cc49\" data-element_type=\"column\">\n\t\t\t<div class=\"elementor-widget-wrap elementor-element-populated\">\n\t\t\t\t\t\t<div class=\"elementor-element elementor-element-8ad6262 elementor-align-center elementor-widget elementor-widget-button\" data-id=\"8ad6262\" data-element_type=\"widget\" data-widget_type=\"button.default\">\n\t\t\t\t<div class=\"elementor-widget-container\">\n\t\t\t\t\t\t\t\t\t<div class=\"elementor-button-wrapper\">\n\t\t\t\t\t<a class=\"elementor-button elementor-button-link elementor-size-xl elementor-animation-grow\" href=\"http:\/\/puntaenlinea.practicasdeperiodismo.com\/index.php\/el-fondo\/\">\n\t\t\t\t\t\t<span class=\"elementor-button-content-wrapper\">\n\t\t\t\t\t\t<span class=\"elementor-button-icon\">\n\t\t\t\t<i aria-hidden=\"true\" class=\"fas fa-arrow-right\"><\/i>\t\t\t<\/span>\n\t\t\t\t\t\t\t\t\t<span class=\"elementor-button-text\">La guardia<\/span>\n\t\t\t\t\t<\/span>\n\t\t\t\t\t<\/a>\n\t\t\t\t<\/div>\n\t\t\t\t\t\t\t\t<\/div>\n\t\t\t\t<\/div>\n\t\t\t\t\t<\/div>\n\t\t<\/div>\n\t\t\t\t\t<\/div>\n\t\t<\/section>\n\t\t\t\t<\/div>\n\t\t","protected":false},"excerpt":{"rendered":"<p>\u00bfQu\u00e9 es el sable? Una infograf\u00eda para entender el arma Elaboraci\u00f3n: Maribel Matey \/\/ Fuentes documentales: Reglamento T\u00e9cnico y de Material de la Federaci\u00f3n Internacional de Esgrima, &#8220;The Development of Sabre&#8221; (Malcolm Fare) La guardia<\/p>\n","protected":false},"author":2,"featured_media":0,"parent":0,"menu_order":0,"comment_status":"closed","ping_status":"closed","template":"","meta":{"footnotes":""},"class_list":["post-186","page","type-page","status-publish","hentry"],"yoast_head":"<!-- This site is optimized with the Yoast SEO plugin v26.2 - https:\/\/yoast.com\/wordpress\/plugins\/seo\/ -->\n<title>\u00bfQu\u00e9 es el sable? - Contrafilo<\/title>\n<meta name=\"robots\" content=\"noindex, follow, max-snippet:-1, max-image-preview:large, max-video-preview:-1\" \/>\n<meta property=\"og:locale\" content=\"en_US\" \/>\n<meta property=\"og:type\" content=\"article\" \/>\n<meta property=\"og:title\" content=\"\u00bfQu\u00e9 es el sable? - Contrafilo\" \/>\n<meta property=\"og:description\" content=\"\u00bfQu\u00e9 es el sable? Una infograf\u00eda para entender el arma Elaboraci\u00f3n: Maribel Matey \/\/ Fuentes documentales: Reglamento T\u00e9cnico y de Material de la Federaci\u00f3n Internacional de Esgrima, &#8220;The Development of Sabre&#8221; (Malcolm Fare) La guardia\" \/>\n<meta property=\"og:url\" content=\"http:\/\/puntaenlinea.practicasdeperiodismo.com\/index.php\/que-es-el-sable\/\" \/>\n<meta property=\"og:site_name\" content=\"Contrafilo\" \/>\n<meta property=\"article:modified_time\" content=\"2021-07-11T12:17:56+00:00\" \/>\n<meta name=\"twitter:card\" content=\"summary_large_image\" \/>\n<script type=\"application\/ld+json\" class=\"yoast-schema-graph\">{\"@context\":\"https:\/\/schema.org\",\"@graph\":[{\"@type\":\"WebPage\",\"@id\":\"http:\/\/puntaenlinea.practicasdeperiodismo.com\/index.php\/que-es-el-sable\/\",\"url\":\"http:\/\/puntaenlinea.practicasdeperiodismo.com\/index.php\/que-es-el-sable\/\",\"name\":\"\u00bfQu\u00e9 es el sable? - Contrafilo\",\"isPartOf\":{\"@id\":\"http:\/\/puntaenlinea.practicasdeperiodismo.com\/#website\"},\"datePublished\":\"2021-05-09T17:40:20+00:00\",\"dateModified\":\"2021-07-11T12:17:56+00:00\",\"breadcrumb\":{\"@id\":\"http:\/\/puntaenlinea.practicasdeperiodismo.com\/index.php\/que-es-el-sable\/#breadcrumb\"},\"inLanguage\":\"en-US\",\"potentialAction\":[{\"@type\":\"ReadAction\",\"target\":[\"http:\/\/puntaenlinea.practicasdeperiodismo.com\/index.php\/que-es-el-sable\/\"]}]},{\"@type\":\"BreadcrumbList\",\"@id\":\"http:\/\/puntaenlinea.practicasdeperiodismo.com\/index.php\/que-es-el-sable\/#breadcrumb\",\"itemListElement\":[{\"@type\":\"ListItem\",\"position\":1,\"name\":\"Home\",\"item\":\"http:\/\/puntaenlinea.practicasdeperiodismo.com\/\"},{\"@type\":\"ListItem\",\"position\":2,\"name\":\"\u00bfQu\u00e9 es el sable?\"}]},{\"@type\":\"WebSite\",\"@id\":\"http:\/\/puntaenlinea.practicasdeperiodismo.com\/#website\",\"url\":\"http:\/\/puntaenlinea.practicasdeperiodismo.com\/\",\"name\":\"Contrafilo\",\"description\":\"Historia del sable femenino espa\u00f1ol\",\"potentialAction\":[{\"@type\":\"SearchAction\",\"target\":{\"@type\":\"EntryPoint\",\"urlTemplate\":\"http:\/\/puntaenlinea.practicasdeperiodismo.com\/?s={search_term_string}\"},\"query-input\":{\"@type\":\"PropertyValueSpecification\",\"valueRequired\":true,\"valueName\":\"search_term_string\"}}],\"inLanguage\":\"en-US\"}]}<\/script>\n<!-- \/ Yoast SEO plugin. -->","yoast_head_json":{"title":"\u00bfQu\u00e9 es el sable? - Contrafilo","robots":{"index":"noindex","follow":"follow","max-snippet":"max-snippet:-1","max-image-preview":"max-image-preview:large","max-video-preview":"max-video-preview:-1"},"og_locale":"en_US","og_type":"article","og_title":"\u00bfQu\u00e9 es el sable? - Contrafilo","og_description":"\u00bfQu\u00e9 es el sable? Una infograf\u00eda para entender el arma Elaboraci\u00f3n: Maribel Matey \/\/ Fuentes documentales: Reglamento T\u00e9cnico y de Material de la Federaci\u00f3n Internacional de Esgrima, &#8220;The Development of Sabre&#8221; (Malcolm Fare) La guardia","og_url":"http:\/\/puntaenlinea.practicasdeperiodismo.com\/index.php\/que-es-el-sable\/","og_site_name":"Contrafilo","article_modified_time":"2021-07-11T12:17:56+00:00","twitter_card":"summary_large_image","schema":{"@context":"https:\/\/schema.org","@graph":[{"@type":"WebPage","@id":"http:\/\/puntaenlinea.practicasdeperiodismo.com\/index.php\/que-es-el-sable\/","url":"http:\/\/puntaenlinea.practicasdeperiodismo.com\/index.php\/que-es-el-sable\/","name":"\u00bfQu\u00e9 es el sable? - Contrafilo","isPartOf":{"@id":"http:\/\/puntaenlinea.practicasdeperiodismo.com\/#website"},"datePublished":"2021-05-09T17:40:20+00:00","dateModified":"2021-07-11T12:17:56+00:00","breadcrumb":{"@id":"http:\/\/puntaenlinea.practicasdeperiodismo.com\/index.php\/que-es-el-sable\/#breadcrumb"},"inLanguage":"en-US","potentialAction":[{"@type":"ReadAction","target":["http:\/\/puntaenlinea.practicasdeperiodismo.com\/index.php\/que-es-el-sable\/"]}]},{"@type":"BreadcrumbList","@id":"http:\/\/puntaenlinea.practicasdeperiodismo.com\/index.php\/que-es-el-sable\/#breadcrumb","itemListElement":[{"@type":"ListItem","position":1,"name":"Home","item":"http:\/\/puntaenlinea.practicasdeperiodismo.com\/"},{"@type":"ListItem","position":2,"name":"\u00bfQu\u00e9 es el sable?"}]},{"@type":"WebSite","@id":"http:\/\/puntaenlinea.practicasdeperiodismo.com\/#website","url":"http:\/\/puntaenlinea.practicasdeperiodismo.com\/","name":"Contrafilo","description":"Historia del sable femenino espa\u00f1ol","potentialAction":[{"@type":"SearchAction","target":{"@type":"EntryPoint","urlTemplate":"http:\/\/puntaenlinea.practicasdeperiodismo.com\/?s={search_term_string}"},"query-input":{"@type":"PropertyValueSpecification","valueRequired":true,"valueName":"search_term_string"}}],"inLanguage":"en-US"}]}},"_links":{"self":[{"href":"http:\/\/puntaenlinea.practicasdeperiodismo.com\/index.php\/wp-json\/wp\/v2\/pages\/186","targetHints":{"allow":["GET"]}}],"collection":[{"href":"http:\/\/puntaenlinea.practicasdeperiodismo.com\/index.php\/wp-json\/wp\/v2\/pages"}],"about":[{"href":"http:\/\/puntaenlinea.practicasdeperiodismo.com\/index.php\/wp-json\/wp\/v2\/types\/page"}],"author":[{"embeddable":true,"href":"http:\/\/puntaenlinea.practicasdeperiodismo.com\/index.php\/wp-json\/wp\/v2\/users\/2"}],"replies":[{"embeddable":true,"href":"http:\/\/puntaenlinea.practicasdeperiodismo.com\/index.php\/wp-json\/wp\/v2\/comments?post=186"}],"version-history":[{"count":79,"href":"http:\/\/puntaenlinea.practicasdeperiodismo.com\/index.php\/wp-json\/wp\/v2\/pages\/186\/revisions"}],"predecessor-version":[{"id":628,"href":"http:\/\/puntaenlinea.practicasdeperiodismo.com\/index.php\/wp-json\/wp\/v2\/pages\/186\/revisions\/628"}],"wp:attachment":[{"href":"http:\/\/puntaenlinea.practicasdeperiodismo.com\/index.php\/wp-json\/wp\/v2\/media?parent=186"}],"curies":[{"name":"wp","href":"https:\/\/api.w.org\/{rel}","templated":true}]}}